{"id":478,"date":"2022-09-01T15:02:09","date_gmt":"2022-09-01T13:02:09","guid":{"rendered":"https:\/\/lesrosesdunoises28.fr\/?page_id=478"},"modified":"2025-11-29T18:48:11","modified_gmt":"2025-11-29T17:48:11","slug":"partenaires2","status":"publish","type":"page","link":"https:\/\/lesrosesdunoises28.fr\/?page_id=478","title":{"rendered":"Partenaires"},"content":{"rendered":"\n<h6 class=\"wp-block-heading\"><strong>Les Roses Dunoises<\/strong> remercient leurs partenaires sans qui rien ne serait possible.<\/h6>\n\n\n\n<p><\/p>\n\n\n\n<h6 class=\"wp-block-heading\">Pour leur aide et leur soutien<\/h6>\n\n\n\n<p><\/p>\n\n\n\n<ul class=\"wp-block-list\">\n<li>La <a href=\"http:\/\/www.ville-chateaudun.fr\/\">Mairie de Ch\u00e2teaudun<\/a><\/li>\n\n\n\n<li>Le <a href=\"https:\/\/eurelien.fr\/\" data-type=\"link\" data-id=\"https:\/\/eurelien.fr\/\">Conseil D\u00e9partemental d&rsquo;Eure et Loir<\/a><\/li>\n\n\n\n<li>Le <a href=\"https:\/\/www.credit-agricole.fr\/ca-centreloire\/particulier.html\">Cr\u00e9dit Agricole Val de France<\/a><\/li>\n\n\n\n<li>Eric Dubois pour son animation <\/li>\n\n\n\n<li><a href=\"http:\/\/www.alysea.com\/\">Alysea<\/a> S\u00e9rigraphie<\/li>\n<\/ul>\n\n\n\n<h6 class=\"wp-block-heading\">Sans oublier  pour leur participation \u00e0 la tombola <\/h6>\n\n\n\n<p><\/p>\n\n\n\n<ul class=\"wp-block-list\">\n<li>La <a rel=\"noreferrer noopener\" href=\"https:\/\/fr-fr.facebook.com\/LibrairieDuCoin28\/\" data-type=\"URL\" data-id=\"https:\/\/fr-fr.facebook.com\/LibrairieDuCoin28\/\" target=\"_blank\">Librairie du coin<\/a><\/li>\n\n\n\n<li><a rel=\"noreferrer noopener\" href=\"https:\/\/www.ambiance-de-fleurs.fr\/\" data-type=\"URL\" data-id=\"https:\/\/www.ambiance-de-fleurs.fr\/\" target=\"_blank\">Ambiance de fleurs<\/a><\/li>\n\n\n\n<li><a href=\"https:\/\/www.hopecoiffcharlene.com\/\" target=\"_blank\" rel=\"noreferrer noopener\">Hope Coiff Charl\u00e8ne<\/a><\/li>\n\n\n\n<li><a rel=\"noreferrer noopener\" href=\"https:\/\/www.intermarche.com\/magasin?utm_source=gmb\" data-type=\"URL\" data-id=\"https:\/\/www.intermarche.com\/magasin?utm_source=gmb\" target=\"_blank\">Intermarch\u00e9 les Garennes<\/a><\/li>\n\n\n\n<li>La <a href=\"https:\/\/www.pharmodel.com\/361\/pharmacie-fabre-meurisse\" data-type=\"URL\" data-id=\"https:\/\/www.pharmodel.com\/361\/pharmacie-fabre-meurisse\" target=\"_blank\" rel=\"noreferrer noopener\">pharmacie Fabre-Meurisse<\/a><\/li>\n\n\n\n<li><a rel=\"noreferrer noopener\" href=\"https:\/\/www.facebook.com\/pizzamontebiancochateaudun\/\" data-type=\"URL\" data-id=\"https:\/\/www.facebook.com\/pizzamontebiancochateaudun\/\" target=\"_blank\">Pizza Monte Bianco<\/a><\/li>\n\n\n\n<li>La <a href=\"https:\/\/www.caveperche.com\/\">Cave du Perche en Pays Dunois<\/a><\/li>\n\n\n\n<li>La bijouterie-horlogerie<a href=\"https:\/\/www.bijouterie-desousa-chevalier.fr\/\" data-type=\"link\" data-id=\"https:\/\/www.bijouterie-desousa-chevalier.fr\/\"> De Sousa-Chevalier<\/a><\/li>\n\n\n\n<li>Boulangerie P\u00e2tisserie <a href=\"https:\/\/www.facebook.com\/TartinesEtGourmandises\/?locale=fr_FR\" data-type=\"link\" data-id=\"https:\/\/www.facebook.com\/TartinesEtGourmandises\/?locale=fr_FR\">Tartines et Gourmandises<\/a><\/li>\n\n\n\n<li>L&rsquo;institut <a href=\"https:\/\/www.institutdiane-melanie.fr\/\" data-type=\"link\" data-id=\"https:\/\/www.institutdiane-melanie.fr\/\">Diane par M\u00e9lanie<\/a><\/li>\n\n\n\n<li>Opticien <a href=\"https:\/\/www.facebook.com\/Opticienchateaudun\/?locale=fr_FR\" data-type=\"link\" data-id=\"https:\/\/www.generale-optique.com\" target=\"_blank\" rel=\"noreferrer noopener\">Regard d&rsquo;Antan<\/a><\/li>\n\n\n\n<li>Les <a href=\"https:\/\/www.facebook.com\/LesDessousDAphrodite\/?locale=fr_FR\" target=\"_blank\" rel=\"noreferrer noopener\">Dessous d&rsquo;Aphrodite<\/a><\/li>\n\n\n\n<li>Cr\u00eaperie l&rsquo;<a href=\"https:\/\/www.facebook.com\/profile.php?id=100092591877646\" target=\"_blank\" rel=\"noreferrer noopener\">Incontournable<\/a><\/li>\n\n\n\n<li>Chaussures et Maroquinerie <a href=\"https:\/\/www.facebook.com\/InnaBellaShoes\/?locale=fr_FR\" target=\"_blank\" rel=\"noreferrer noopener\">InnaBella<\/a><\/li>\n\n\n\n<li><a href=\"https:\/\/www.joueclub.fr\/magasin\/joueclub-saint-denis-les-ponts.html\" data-type=\"link\" data-id=\"https:\/\/www.joueclub.fr\/magasin\/joueclub-saint-denis-les-ponts.html\" target=\"_blank\" rel=\"noreferrer noopener\">Jou\u00e9Club<\/a> de Saint-Denis-Lanneray<\/li>\n\n\n\n<li>Le personnel du <a href=\"https:\/\/www.buffalo-grill.fr\/nos-restaurants\/chateaudun\" target=\"_blank\" rel=\"noreferrer noopener\">Buffalo Grill<\/a> de Ch\u00e2teaudun<\/li>\n<\/ul>\n\n\n\n<h6 class=\"wp-block-heading\">Ainsi que tous ceux qui nous ont aid\u00e9s lors des pr\u00e9c\u00e9dentes marches.<\/h6>\n\n\n\n<p><\/p>\n","protected":false},"excerpt":{"rendered":"<p>Les Roses Dunoises remercient leurs partenaires sans qui rien ne serait possible. Pour leur aide et leur soutien Sans oublier pour leur participation \u00e0 la tombola Ainsi que tous ceux qui nous ont aid\u00e9s lors des pr\u00e9c\u00e9dentes marches.<\/p>\n","protected":false},"author":3,"featured_media":0,"parent":0,"menu_order":0,"comment_status":"closed","ping_status":"closed","template":"","meta":{"footnotes":""},"class_list":["post-478","page","type-page","status-publish","hentry"],"_links":{"self":[{"href":"https:\/\/lesrosesdunoises28.fr\/index.php?rest_route=\/wp\/v2\/pages\/478","targetHints":{"allow":["GET"]}}],"collection":[{"href":"https:\/\/lesrosesdunoises28.fr\/index.php?rest_route=\/wp\/v2\/pages"}],"about":[{"href":"https:\/\/lesrosesdunoises28.fr\/index.php?rest_route=\/wp\/v2\/types\/page"}],"author":[{"embeddable":true,"href":"https:\/\/lesrosesdunoises28.fr\/index.php?rest_route=\/wp\/v2\/users\/3"}],"replies":[{"embeddable":true,"href":"https:\/\/lesrosesdunoises28.fr\/index.php?rest_route=%2Fwp%2Fv2%2Fcomments&post=478"}],"version-history":[{"count":55,"href":"https:\/\/lesrosesdunoises28.fr\/index.php?rest_route=\/wp\/v2\/pages\/478\/revisions"}],"predecessor-version":[{"id":1110,"href":"https:\/\/lesrosesdunoises28.fr\/index.php?rest_route=\/wp\/v2\/pages\/478\/revisions\/1110"}],"wp:attachment":[{"href":"https:\/\/lesrosesdunoises28.fr\/index.php?rest_route=%2Fwp%2Fv2%2Fmedia&parent=478"}],"curies":[{"name":"wp","href":"https:\/\/api.w.org\/{rel}","templated":true}]}}