{"id":30,"date":"2020-03-28T10:41:53","date_gmt":"2020-03-28T09:41:53","guid":{"rendered":"https:\/\/lesrosesdunoises28.fr\/?page_id=30"},"modified":"2020-04-05T15:07:35","modified_gmt":"2020-04-05T13:07:35","slug":"lequipe","status":"publish","type":"page","link":"https:\/\/lesrosesdunoises28.fr\/?page_id=30","title":{"rendered":"L&rsquo;association"},"content":{"rendered":"\n<p><\/p>\n\n\n\n<p> L&rsquo;association \u00ab\u00a0Les Roses Dunoises \u00ab\u00a0, cr\u00e9\u00e9e en novembre 2015 \u00e0 Ch\u00e2teaudun, a pour but d&rsquo;organiser une marche solidaire pendant Octobre Rose, mois d\u00e9di\u00e9 \u00e0 la sensibilisation au d\u00e9pistage du cancer du sein. Le choix de mettre en place une marche rose \u00e0 Ch\u00e2teaudun a \u00e9t\u00e9 motiv\u00e9 par le fait qu&rsquo;aucun \u00e9v\u00e9nement n&rsquo;\u00e9tait alors organis\u00e9 dans le Dunois. <\/p>\n\n\n\n<p>Depuis cette date, une marche est organis\u00e9e tous les ans, en octobre \u00e0 Ch\u00e2teaudun. Le b\u00e9n\u00e9fice de cette manifestation est vers\u00e9 \u00e0 une association \u0153uvrant \u00e0 la sensibilisation au d\u00e9pistage du cancer du sein et pour le soutien aux malades.<\/p>\n\n\n\n<p>Depuis sa cr\u00e9ation, d&rsquo;autres associations de Ch\u00e2teaudun ont demand\u00e9 aux Roses Dunoises de participer \u00e0 certaines de leurs manifestations.<\/p>\n","protected":false},"excerpt":{"rendered":"<p>L&rsquo;association \u00ab\u00a0Les Roses Dunoises \u00ab\u00a0, cr\u00e9\u00e9e en novembre 2015 \u00e0 Ch\u00e2teaudun, a pour but d&rsquo;organiser une marche solidaire pendant Octobre Rose, mois d\u00e9di\u00e9 \u00e0 la sensibilisation au d\u00e9pistage du cancer du sein. Le choix de mettre en place une marche rose \u00e0 Ch\u00e2teaudun a \u00e9t\u00e9 motiv\u00e9 par le fait qu&rsquo;aucun \u00e9v\u00e9nement n&rsquo;\u00e9tait alors organis\u00e9 dans [&hellip;]<\/p>\n","protected":false},"author":3,"featured_media":0,"parent":0,"menu_order":0,"comment_status":"closed","ping_status":"closed","template":"","meta":{"footnotes":""},"class_list":["post-30","page","type-page","status-publish","hentry"],"_links":{"self":[{"href":"https:\/\/lesrosesdunoises28.fr\/index.php?rest_route=\/wp\/v2\/pages\/30","targetHints":{"allow":["GET"]}}],"collection":[{"href":"https:\/\/lesrosesdunoises28.fr\/index.php?rest_route=\/wp\/v2\/pages"}],"about":[{"href":"https:\/\/lesrosesdunoises28.fr\/index.php?rest_route=\/wp\/v2\/types\/page"}],"author":[{"embeddable":true,"href":"https:\/\/lesrosesdunoises28.fr\/index.php?rest_route=\/wp\/v2\/users\/3"}],"replies":[{"embeddable":true,"href":"https:\/\/lesrosesdunoises28.fr\/index.php?rest_route=%2Fwp%2Fv2%2Fcomments&post=30"}],"version-history":[{"count":10,"href":"https:\/\/lesrosesdunoises28.fr\/index.php?rest_route=\/wp\/v2\/pages\/30\/revisions"}],"predecessor-version":[{"id":134,"href":"https:\/\/lesrosesdunoises28.fr\/index.php?rest_route=\/wp\/v2\/pages\/30\/revisions\/134"}],"wp:attachment":[{"href":"https:\/\/lesrosesdunoises28.fr\/index.php?rest_route=%2Fwp%2Fv2%2Fmedia&parent=30"}],"curies":[{"name":"wp","href":"https:\/\/api.w.org\/{rel}","templated":true}]}}